{"id":13,"date":"2015-12-04T02:09:22","date_gmt":"2015-12-04T02:09:22","guid":{"rendered":"http:\/\/theme-fusion.com\/avada\/construction\/?page_id=13"},"modified":"2015-12-04T02:09:22","modified_gmt":"2015-12-04T02:09:22","slug":"construction-articles","status":"publish","type":"page","link":"https:\/\/europiscina.es\/ca\/construction-articles\/","title":{"rendered":"Construction Articles"},"content":{"rendered":"<p><div class=\"fusion-fullwidth fullwidth-box fusion-builder-row-1 nonhundred-percent-fullwidth non-hundred-percent-height-scrolling\"  style='background-color: #fed03d;background-position: left top;background-repeat: no-repeat;padding-top:50px;padding-right:0px;padding-bottom:50px;padding-left:0px;border-top-width:0px;border-bottom-width:0px;border-color:#eae9e9;border-top-style:solid;border-bottom-style:solid;'><div class=\"fusion-builder-row fusion-row \"><div  class=\"fusion-layout-column fusion_builder_column fusion_builder_column_1_1 fusion-builder-column-1 fusion-one-full fusion-column-first fusion-column-last 1_1\"  style='margin-top:0px;margin-bottom:0px;'>\n\t\t\t\t\t<div class=\"fusion-column-wrapper\" style=\"background-position:left top;background-repeat:no-repeat;-webkit-background-size:cover;-moz-background-size:cover;-o-background-size:cover;background-size:cover;\"   data-bg-url=\"\">\n\t\t\t\t\t\t<div class=\"fusion-text\"><h2 style=\"font-weight: 300; text-align: center;\">Do You Have A Construction Project We Can Help With?<\/h2>\n<\/div><div class=\"fusion-clearfix\"><\/div>\n\n\t\t\t\t\t<\/div>\n\t\t\t\t<\/div><\/div><\/div><div class=\"fusion-fullwidth fullwidth-box fusion-builder-row-2 nonhundred-percent-fullwidth non-hundred-percent-height-scrolling\"  style='background-color: rgba(255,255,255,0);background-position: left top;background-repeat: no-repeat;padding-right:0px;padding-bottom:20px;padding-left:0px;border-top-width:0px;border-bottom-width:0px;border-color:#eae9e9;border-top-style:solid;border-bottom-style:solid;'><div class=\"fusion-builder-row fusion-row \"><div  class=\"fusion-layout-column fusion_builder_column fusion_builder_column_1_1 fusion-builder-column-2 fusion-one-full fusion-column-first fusion-column-last 1_1\"  style='margin-top:-22px;margin-bottom:0px;'>\n\t\t\t\t\t<div class=\"fusion-column-wrapper\" style=\"background-position:left top;background-repeat:no-repeat;-webkit-background-size:cover;-moz-background-size:cover;-o-background-size:cover;background-size:cover;\"   data-bg-url=\"\">\n\t\t\t\t\t\t<div class=\"fusion-button-wrapper fusion-aligncenter\"><style type=\"text\/css\">.fusion-button.button-1 .fusion-button-text, .fusion-button.button-1 i {color:#ffffff;}.fusion-button.button-1 .fusion-button-icon-divider{border-color:#ffffff;}.fusion-button.button-1:hover .fusion-button-text, .fusion-button.button-1:hover i,.fusion-button.button-1:focus .fusion-button-text, .fusion-button.button-1:focus i,.fusion-button.button-1:active .fusion-button-text, .fusion-button.button-1:active{color:#333333;}.fusion-button.button-1:hover .fusion-button-icon-divider, .fusion-button.button-1:hover .fusion-button-icon-divider, .fusion-button.button-1:active .fusion-button-icon-divider{border-color:#333333;}.fusion-button.button-1:hover, .fusion-button.button-1:focus, .fusion-button.button-1:active{border-color:#333333;border-width:2px;}.fusion-button.button-1 {border-color:#ffffff;border-width:2px;border-radius:0px;}.fusion-button.button-1{background: #333333;}.fusion-button.button-1:hover,.button-1:focus,.fusion-button.button-1:active{background: #ffffff;}<\/style><a class=\"fusion-button button-flat fusion-button-default-size button-custom button-1 fusion-button-default-span fusion-button-default-type dark-button\" target=\"_self\" href=\"https:\/\/europiscina.es\/get-quote\/\"><span class=\"fusion-button-text\">Get a free quote<\/span><\/a><\/div><div class=\"fusion-clearfix\"><\/div>\n\n\t\t\t\t\t<\/div>\n\t\t\t\t<\/div><\/div><\/div><div class=\"fusion-fullwidth fullwidth-box fusion-builder-row-3 nonhundred-percent-fullwidth non-hundred-percent-height-scrolling\"  style='background-color: rgba(255,255,255,0);background-position: left top;background-repeat: no-repeat;padding-top:3%;padding-right:0px;padding-bottom:2%;padding-left:0px;border-top-width:0px;border-bottom-width:0px;border-color:#eae9e9;border-top-style:solid;border-bottom-style:solid;'><div class=\"fusion-builder-row fusion-row \"><div  class=\"fusion-layout-column fusion_builder_column fusion_builder_column_1_1 fusion-builder-column-3 fusion-one-full fusion-column-first fusion-column-last 1_1\"  style='margin-top:50px;margin-bottom:25px;'>\n\t\t\t\t\t<div class=\"fusion-column-wrapper\" style=\"padding: 0px 15% 0px 15%;background-position:left top;background-repeat:no-repeat;-webkit-background-size:cover;-moz-background-size:cover;-o-background-size:cover;background-size:cover;\"   data-bg-url=\"\">\n\t\t\t\t\t\t<div class=\"fusion-blog-shortcode fusion-blog-shortcode-1 fusion-blog-archive fusion-blog-layout-large fusion-blog-pagination\"><div class=\"fusion-posts-container fusion-posts-container-pagination fusion-blog-rollover\" data-pages=\"1\"><article id=\"blog-1-post-1892\" class=\"fusion-post-large post-1892 post type-post status-publish format-standard has-post-thumbnail hentry category-construccio-de-piscines tag-construccio-de-piscines tag-construccio-de-piscines-a-lleida tag-piscines-comunitaries\">\n\t<style type=\"text\/css\">\n\t\t\n\t\t\n\t\t\n\t\t\n\t\t\t<\/style>\n\n\n\t\t\t<div class=\"fusion-flexslider flexslider fusion-flexslider-loading fusion-post-slideshow\" style=\"\">\n\t\t<ul class=\"slides\">\n\t\t\t\n\t\t\t\t\t\t\t\t\t\t\t\t\t\t<li>\n\n<div  class=\"fusion-image-wrapper\" aria-haspopup=\"true\">\n\t\n\t\n\t\t\n\t\t\t\t\t<img loading=\"lazy\" decoding=\"async\" width=\"450\" height=\"450\" src=\"data:image\/svg+xml,%3Csvg%20xmlns%3D%27http%3A%2F%2Fwww.w3.org%2F2000%2Fsvg%27%20width%3D%27450%27%20height%3D%27450%27%20viewBox%3D%270%200%20450%20450%27%3E%3Crect%20width%3D%27450%27%20height%3D%273450%27%20fill-opacity%3D%220%22%2F%3E%3C%2Fsvg%3E\" class=\"attachment-full size-full lazyload wp-post-image\" alt=\"\" data-orig-src=\"https:\/\/europiscina.es\/wp-content\/uploads\/2020\/01\/infinity-destacada.jpg\" \/>\n\t\n\n\t\t<div class=\"fusion-rollover\">\n\t<div class=\"fusion-rollover-content\">\n\n\t\t\t\t\t\t\t\t\t\t\t\t\t\t<a class=\"fusion-rollover-link\" href=\"https:\/\/europiscina.es\/ca\/construccio-de-piscines-modernes-a-lleida\/\">Construcci\u00f3 de piscines modernes a Lleida<\/a>\n\t\t\t\n\t\t\t\t\t\t\t\t\t\t\t\t\t\t\n\t\t\t\t\t\t\t\t\n\t\t\t\t\t\t\t\t\t\t\t\t\t<div class=\"fusion-rollover-sep\"><\/div>\n\t\t\t\t\n\t\t\t\t\t\t\t\t\t\t\t\t\t\t\t\t\t\t<a class=\"fusion-rollover-gallery\" href=\"https:\/\/europiscina.es\/wp-content\/uploads\/2020\/01\/infinity-destacada.jpg\" data-id=\"1892\" data-rel=\"iLightbox[gallery]\" data-title=\"infinity-destacada\" data-caption=\"\">\n\t\t\t\t\t\tGallery\t\t\t\t\t<\/a>\n\t\t\t\t\t\t\t\t\t\t\t\t\t\t\n\t\t\t\t\n\t\t\t\t\t\t\t\t\t\t\t\t<h4 class=\"fusion-rollover-title\">\n\t\t\t\t\t<a href=\"https:\/\/europiscina.es\/ca\/construccio-de-piscines-modernes-a-lleida\/\">\n\t\t\t\t\t\tConstrucci\u00f3 de piscines modernes a Lleida\t\t\t\t\t<\/a>\n\t\t\t\t<\/h4>\n\t\t\t\n\t\t\t\t\t\t\t\t\t\t\t\t\t\t<div class=\"fusion-rollover-categories\"><a href=\"https:\/\/europiscina.es\/ca\/category\/construccio-de-piscines\/\" rel=\"tag\">Construcci\u00f3 de piscines<\/a><\/div>\t\t\t\t\t\n\t\t\n\t\t\t\t<a class=\"fusion-link-wrapper\" href=\"https:\/\/europiscina.es\/ca\/construccio-de-piscines-modernes-a-lleida\/\" aria-label=\"Construcci\u00f3 de piscines modernes a Lleida\"><\/a>\n\t<\/div>\n<\/div>\n\n\t\n<\/div>\n<\/li>\n\t\t\t\n\t\t\t\n\t\t\t\t\t\t\t\t\t\t\t\t\t\t\t\t\t\t\t\t\t\t\t\t\t\t\t\t\t\t\t\t\t\t\t\t\t\t\t\t\t\t\t\t\t\t\t\t\t\t\t\t\t\t\t\t\t\t\t\t\t\t\t\t\t\t\t\t<\/ul>\n\t<\/div>\n\t<div class=\"fusion-post-content post-content\"><h2 class=\"blog-shortcode-post-title entry-title\"><a href=\"https:\/\/europiscina.es\/ca\/construccio-de-piscines-modernes-a-lleida\/\">Construcci\u00f3 de piscines modernes a Lleida<\/a><\/h2><div class=\"fusion-post-content-container\"><p>LA PISCINA QUE SEMPRE HAS DESITJAT AMB EUROPISCINAS \u00bfImagina, que per fi comences la construcci\u00f3 de la piscina que sempre has somiat, aquesta que li donar\u00e0 una personalitat nova a casa teva, i que el resultat no sigui el que<\/p><\/div><\/div><div class=\"fusion-clearfix\"><\/div><div class=\"fusion-meta-info\"><div class=\"fusion-alignleft\"><span class=\"updated\" style=\"display:none;\">2020-05-04T20:34:59+02:00<\/span>By <span class=\"vcard\"><span class=\"fn\"><a href=\"https:\/\/europiscina.es\/ca\/author\/jordi_qj76pdpm\/\" title=\"Entrades de admin\" rel=\"author\">admin<\/a><\/span><\/span><span class=\"fusion-inline-sep\">|<\/span><a href=\"https:\/\/europiscina.es\/ca\/category\/construccio-de-piscines\/\" rel=\"category tag\">Construcci\u00f3 de piscines<\/a><span class=\"fusion-inline-sep\">|<\/span><\/div><div class=\"fusion-alignright\"><a class=\"fusion-read-more\" href=\"https:\/\/europiscina.es\/ca\/construccio-de-piscines-modernes-a-lleida\/\">Read More<\/a><\/div><\/div><\/article>\n<article id=\"blog-1-post-1887\" class=\"fusion-post-large post-1887 post type-post status-publish format-standard has-post-thumbnail hentry category-construccio-de-piscines category-novetats tag-construccio-de-piscines tag-construccio-de-piscines-a-lleida tag-piscina-a-casa\">\n\t<style type=\"text\/css\">\n\t\t\n\t\t\n\t\t\n\t\t\n\t\t\t<\/style>\n\n\n\t\t\t<div class=\"fusion-flexslider flexslider fusion-flexslider-loading fusion-post-slideshow\" style=\"\">\n\t\t<ul class=\"slides\">\n\t\t\t\n\t\t\t\t\t\t\t\t\t\t\t\t\t\t<li>\n\n<div  class=\"fusion-image-wrapper\" aria-haspopup=\"true\">\n\t\n\t\n\t\t\n\t\t\t\t\t<img loading=\"lazy\" decoding=\"async\" width=\"525\" height=\"450\" src=\"data:image\/svg+xml,%3Csvg%20xmlns%3D%27http%3A%2F%2Fwww.w3.org%2F2000%2Fsvg%27%20width%3D%27525%27%20height%3D%27450%27%20viewBox%3D%270%200%20525%20450%27%3E%3Crect%20width%3D%27525%27%20height%3D%273450%27%20fill-opacity%3D%220%22%2F%3E%3C%2Fsvg%3E\" class=\"attachment-full size-full lazyload wp-post-image\" alt=\"\" data-orig-src=\"https:\/\/europiscina.es\/wp-content\/uploads\/2015\/12\/piscina-desbordante-rosagres-e1579282523819.jpg\" \/>\n\t\n\n\t\t<div class=\"fusion-rollover\">\n\t<div class=\"fusion-rollover-content\">\n\n\t\t\t\t\t\t\t\t\t\t\t\t\t\t<a class=\"fusion-rollover-link\" href=\"https:\/\/europiscina.es\/ca\/motius-per-tenir-una-piscina-a-casa\/\">Motius per tenir una piscina a casa<\/a>\n\t\t\t\n\t\t\t\t\t\t\t\t\t\t\t\t\t\t\n\t\t\t\t\t\t\t\t\n\t\t\t\t\t\t\t\t\t\t\t\t\t<div class=\"fusion-rollover-sep\"><\/div>\n\t\t\t\t\n\t\t\t\t\t\t\t\t\t\t\t\t\t\t\t\t\t\t<a class=\"fusion-rollover-gallery\" href=\"https:\/\/europiscina.es\/wp-content\/uploads\/2015\/12\/piscina-desbordante-rosagres-e1579282523819.jpg\" data-id=\"1887\" data-rel=\"iLightbox[gallery]\" data-title=\"piscina desbordante rosagres\" data-caption=\"\">\n\t\t\t\t\t\tGallery\t\t\t\t\t<\/a>\n\t\t\t\t\t\t\t\t\t\t\t\t\t\t\n\t\t\t\t\n\t\t\t\t\t\t\t\t\t\t\t\t<h4 class=\"fusion-rollover-title\">\n\t\t\t\t\t<a href=\"https:\/\/europiscina.es\/ca\/motius-per-tenir-una-piscina-a-casa\/\">\n\t\t\t\t\t\tMotius per tenir una piscina a casa\t\t\t\t\t<\/a>\n\t\t\t\t<\/h4>\n\t\t\t\n\t\t\t\t\t\t\t\t\t\t\t\t\t\t<div class=\"fusion-rollover-categories\"><a href=\"https:\/\/europiscina.es\/ca\/category\/construccio-de-piscines\/\" rel=\"tag\">Construcci\u00f3 de piscines<\/a>, <a href=\"https:\/\/europiscina.es\/ca\/category\/novetats\/\" rel=\"tag\">Novetats<\/a><\/div>\t\t\t\t\t\n\t\t\n\t\t\t\t<a class=\"fusion-link-wrapper\" href=\"https:\/\/europiscina.es\/ca\/motius-per-tenir-una-piscina-a-casa\/\" aria-label=\"Motius per tenir una piscina a casa\"><\/a>\n\t<\/div>\n<\/div>\n\n\t\n<\/div>\n<\/li>\n\t\t\t\n\t\t\t\n\t\t\t\t\t\t\t\t\t\t\t\t\t\t\t\t\t\t\t\t\t\t\t\t\t\t\t\t\t\t\t\t\t\t\t\t\t\t\t\t\t\t\t\t\t\t\t\t\t\t\t\t\t\t\t\t\t\t\t\t\t\t\t\t\t\t\t\t<\/ul>\n\t<\/div>\n\t<div class=\"fusion-post-content post-content\"><h2 class=\"blog-shortcode-post-title entry-title\"><a href=\"https:\/\/europiscina.es\/ca\/motius-per-tenir-una-piscina-a-casa\/\">Motius per tenir una piscina a casa<\/a><\/h2><div class=\"fusion-post-content-container\"><p>Aprofitar els dies d'estiu nedant o donant-nos un bany en una piscina refrescant \u00e9s una del\u00edcia. Tenir una piscina a casa per delectar-nos amb els moments de relax i diversi\u00f3 \u00e9s encara millor, oi? Moltes persones tenen aquest somni, per\u00f2<\/p><\/div><\/div><div class=\"fusion-clearfix\"><\/div><div class=\"fusion-meta-info\"><div class=\"fusion-alignleft\"><span class=\"updated\" style=\"display:none;\">2020-05-04T20:29:03+02:00<\/span>By <span class=\"vcard\"><span class=\"fn\"><a href=\"https:\/\/europiscina.es\/ca\/author\/jordi_qj76pdpm\/\" title=\"Entrades de admin\" rel=\"author\">admin<\/a><\/span><\/span><span class=\"fusion-inline-sep\">|<\/span><a href=\"https:\/\/europiscina.es\/ca\/category\/construccio-de-piscines\/\" rel=\"category tag\">Construcci\u00f3 de piscines<\/a>, <a href=\"https:\/\/europiscina.es\/ca\/category\/novetats\/\" rel=\"category tag\">Novetats<\/a><span class=\"fusion-inline-sep\">|<\/span><\/div><div class=\"fusion-alignright\"><a class=\"fusion-read-more\" href=\"https:\/\/europiscina.es\/ca\/motius-per-tenir-una-piscina-a-casa\/\">Read More<\/a><\/div><\/div><\/article>\n<\/div><\/div><div class=\"fusion-clearfix\"><\/div>\n\n\t\t\t\t\t<\/div>\n\t\t\t\t<\/div><\/div><\/div><div class=\"fusion-bg-parallax\"  data-bg-align=\"center bottom\" data-direction=\"down\" data-mute=\"false\" data-opacity=\"100\" data-velocity=\"-0.4\" data-mobile-enabled=\"false\" data-break_parents=\"0\" data-bg-image=\"https:\/\/europiscina.es\/wp-content\/uploads\/2015\/12\/about-call-to-action-57862405.jpg\" data-bg-repeat=\"false\" data-bg-color=\"#3f3f3f\" data-bg-height=\"\" data-bg-width=\"\"><\/div><div class=\"fusion-fullwidth fullwidth-box fusion-builder-row-4 fusion-parallax-down nonhundred-percent-fullwidth non-hundred-percent-height-scrolling fusion-equal-height-columns lazyload\"  style='background-color: #3f3f3f;background-position: center bottom;background-repeat: no-repeat;padding-top:100px;padding-right:0px;padding-bottom:90px;padding-left:0px;border-top-width:0px;border-bottom-width:0px;border-color:#eae9e9;border-top-style:solid;border-bottom-style:solid;-webkit-background-size:cover;-moz-background-size:cover;-o-background-size:cover;background-size:cover;' data-bg=\"https:\/\/europiscina.es\/wp-content\/uploads\/2015\/12\/about-call-to-action-57862405.jpg\"><div class=\"fusion-builder-row fusion-row \"><div  class=\"fusion-layout-column fusion_builder_column fusion_builder_column_2_3 fusion-builder-column-4 fusion-two-third fusion-column-first 2_3\"  style='margin-top:0px;margin-bottom:25px;width:65.3333%; margin-right: 4%;'>\n\t\t\t\t\t<div class=\"fusion-column-wrapper\" style=\"padding: 0px 0px 0px 0px;background-position:left top;background-repeat:no-repeat;-webkit-background-size:cover;-moz-background-size:cover;-o-background-size:cover;background-size:cover;\"   data-bg-url=\"\">\n\t\t\t\t\t\t<div class=\"fusion-column-content-centered\"><div class=\"fusion-column-content\"><div class=\"fusion-text\"><h1 style=\"font-weight: 300;\"><span style=\"color: #ffffff;\">Building Inspiring Spaces<\/span><\/h1>\n<\/div><div class=\"fusion-sep-clear\"><\/div><div class=\"fusion-separator sep-single sep-solid\" style=\"border-color:#fed03d;border-top-width:2px;margin-top:0px;margin-bottom:30px;width:100%;max-width:206px;\"><\/div><div class=\"fusion-text\"><h3><span style=\"color: #ffffff;\">Vivamus sed consectetur tellus dolor sit amet, consectetur adipiscing lorem elit sadip ipsum ets ficilis uns.<\/span><\/h3>\n<\/div><\/div><\/div><div class=\"fusion-clearfix\"><\/div>\n\n\t\t\t\t\t<\/div>\n\t\t\t\t<\/div><div  class=\"fusion-layout-column fusion_builder_column fusion_builder_column_1_3 fusion-builder-column-5 fusion-one-third fusion-column-last 1_3\"  style='margin-top:0px;margin-bottom:0px;width:30.6666%'>\n\t\t\t\t\t<div class=\"fusion-column-wrapper\" style=\"padding: 0px 0px 0px 0px;background-position:left top;background-repeat:no-repeat;-webkit-background-size:cover;-moz-background-size:cover;-o-background-size:cover;background-size:cover;\"   data-bg-url=\"\">\n\t\t\t\t\t\t<div class=\"fusion-column-content-centered\"><div class=\"fusion-column-content\"><div class=\"fusion-button-wrapper fusion-alignleft\"><style type=\"text\/css\">.fusion-button.button-2 {border-radius:0px;}<\/style><a class=\"fusion-button button-flat button-xlarge button-default button-2 fusion-button-default-span fusion-button-default-type\" target=\"_self\" title=\"get a free quote\" href=\"https:\/\/europiscina.es\/get-quote\/\"><span class=\"fusion-button-text\">GET A FREE QUOTE<\/span><\/a><\/div><div class=\"fusion-sep-clear\"><\/div><div class=\"fusion-separator fusion-full-width-sep sep-none\" style=\"margin-left: auto;margin-right: auto;margin-top:10px;\"><\/div><div class=\"fusion-text\"><p style=\"text-align: left;\"><span style=\"color: #ffffff;\">Only takes a few seconds!<\/span><\/p>\n<\/div><\/div><\/div><div class=\"fusion-clearfix\"><\/div>\n\n\t\t\t\t\t<\/div>\n\t\t\t\t<\/div><\/div><\/div><\/p>\n","protected":false},"excerpt":{"rendered":"","protected":false},"author":1,"featured_media":0,"parent":0,"menu_order":0,"comment_status":"closed","ping_status":"closed","template":"100-width.php","meta":{"footnotes":""},"class_list":["post-13","page","type-page","status-publish","hentry"],"aioseo_notices":[],"_links":{"self":[{"href":"https:\/\/europiscina.es\/ca\/wp-json\/wp\/v2\/pages\/13","targetHints":{"allow":["GET"]}}],"collection":[{"href":"https:\/\/europiscina.es\/ca\/wp-json\/wp\/v2\/pages"}],"about":[{"href":"https:\/\/europiscina.es\/ca\/wp-json\/wp\/v2\/types\/page"}],"author":[{"embeddable":true,"href":"https:\/\/europiscina.es\/ca\/wp-json\/wp\/v2\/users\/1"}],"replies":[{"embeddable":true,"href":"https:\/\/europiscina.es\/ca\/wp-json\/wp\/v2\/comments?post=13"}],"version-history":[{"count":0,"href":"https:\/\/europiscina.es\/ca\/wp-json\/wp\/v2\/pages\/13\/revisions"}],"wp:attachment":[{"href":"https:\/\/europiscina.es\/ca\/wp-json\/wp\/v2\/media?parent=13"}],"curies":[{"name":"wp","href":"https:\/\/api.w.org\/{rel}","templated":true}]}}