{"id":1390,"date":"2020-01-13T11:02:53","date_gmt":"2020-01-13T11:02:53","guid":{"rendered":"https:\/\/europiscina.es\/?page_id=1390"},"modified":"2020-03-27T09:49:56","modified_gmt":"2020-03-27T09:49:56","slug":"rehabilitacion-de-piscinas","status":"publish","type":"page","link":"https:\/\/europiscina.es\/ca\/serveis-piscina-lleida\/rehabilitacion-de-piscinas\/","title":{"rendered":"Rehabilitaci\u00f3 de piscines"},"content":{"rendered":"<p><div class=\"fusion-fullwidth fullwidth-box fusion-builder-row-1 hundred-percent-fullwidth non-hundred-percent-height-scrolling\"  style='background-color: rgba(255,255,255,0);background-position: center center;background-repeat: no-repeat;padding-top:70px;padding-right:0px;padding-bottom:60px;padding-left:30px;'><div class=\"fusion-builder-row fusion-row \"><div  class=\"fusion-layout-column fusion_builder_column fusion_builder_column_1_6 fusion-builder-column-1 fusion-one-sixth fusion-column-first 1_6\"  style='margin-top:0px;margin-bottom:0px;width:16.66%;width:calc(16.66% - ( ( 4% + 2% ) * 0.1666 ) );margin-right: 4%;'>\n\t\t\t\t\t<div class=\"fusion-column-wrapper\" style=\"padding: 0px 0px 0px 0px;background-position:left top;background-repeat:no-repeat;-webkit-background-size:cover;-moz-background-size:cover;-o-background-size:cover;background-size:cover;\"   data-bg-url=\"\">\n\t\t\t\t\t\t<div class=\"fusion-clearfix\"><\/div>\n\n\t\t\t\t\t<\/div>\n\t\t\t\t<\/div><div  data-animationType=fadeInLeft data-animationDuration=0.7 data-animationOffset=100% class=\"fusion-layout-column fusion_builder_column fusion_builder_column_1_3 fusion-builder-column-2 fusion-one-third fusion-animated 1_3\"  style='margin-top:65px;margin-bottom:0px;width:33.33%;width:calc(33.33% - ( ( 4% + 2% ) * 0.3333 ) );margin-right: 2%;'>\n\t\t\t\t\t<div class=\"fusion-column-wrapper\" style=\"padding: 0px 15px 0px 0px;background-position:left top;background-repeat:no-repeat;-webkit-background-size:cover;-moz-background-size:cover;-o-background-size:cover;background-size:cover;\"   data-bg-url=\"\">\n\t\t\t\t\t\t<style type=\"text\/css\"><\/style><div class=\"fusion-title title fusion-title-1 fusion-sep-none fusion-title-center fusion-title-text fusion-title-size-two\" style=\"margin-top:0px;margin-bottom:10px;\"><h2 class=\"title-heading-center\" style=\"margin:0;\">Remodelaci\u00f3 piscina<\/h2><\/div><div class=\"imageframe-align-center\"><span style=\"width:100%;max-width:70px;\" class=\"fusion-imageframe imageframe-none imageframe-1 hover-type-none\"><img loading=\"lazy\" decoding=\"async\" src=\"data:image\/svg+xml,%3Csvg%20xmlns%3D%27http%3A%2F%2Fwww.w3.org%2F2000%2Fsvg%27%20width%3D%27354%27%20height%3D%2746%27%20viewBox%3D%270%200%20354%2046%27%3E%3Crect%20width%3D%27354%27%20height%3D%27346%27%20fill-opacity%3D%220%22%2F%3E%3C%2Fsvg%3E\" data-orig-src=\"https:\/\/europiscina.es\/wp-content\/uploads\/2020\/01\/ones.png\" width=\"354\" height=\"46\" alt=\"\" title=\"ones\" class=\"lazyload img-responsive wp-image-1254\"\/><\/span><\/div><div class=\"fusion-text\"><p style=\"text-align: center;\">Si la teva piscina ha quedat desactualitzada, t&#8217;oferim noves propostes i dissenys amb els materials i estils m\u00e9s novedosos. Des de la modificaci\u00f3 de l&#8217;espai, mides, profunditats, la transformaci\u00f3 de l&#8217;entorn que l&#8217;envolta a l&#8217;actualitzaci\u00f3 dels sistemes de manteniment i cuidat.<\/p>\n<\/div><div class=\"fusion-clearfix\"><\/div>\n\n\t\t\t\t\t<\/div>\n\t\t\t\t<\/div><div  class=\"fusion-layout-column fusion_builder_column fusion_builder_column_1_2 fusion-builder-column-3 fusion-one-half fusion-column-last 1_2\"  style='margin-top:0px;margin-bottom:0px;width:50%;width:calc(50% - ( ( 4% + 2% ) * 0.5 ) );'>\n\t\t\t\t\t<div class=\"fusion-column-wrapper\" style=\"padding: 0px 0px 0px 0px;background-position:left top;background-repeat:no-repeat;-webkit-background-size:cover;-moz-background-size:cover;-o-background-size:cover;background-size:cover;\"   data-bg-url=\"\">\n\t\t\t\t\t\t<span style=\"margin-left:25px;float:right;width:100%;max-width:700px;\" class=\"fusion-imageframe imageframe-none imageframe-2 hover-type-none\"><img loading=\"lazy\" decoding=\"async\" src=\"data:image\/svg+xml,%3Csvg%20xmlns%3D%27http%3A%2F%2Fwww.w3.org%2F2000%2Fsvg%27%20width%3D%27700%27%20height%3D%27375%27%20viewBox%3D%270%200%20700%20375%27%3E%3Crect%20width%3D%27700%27%20height%3D%273375%27%20fill-opacity%3D%220%22%2F%3E%3C%2Fsvg%3E\" data-orig-src=\"https:\/\/europiscina.es\/wp-content\/uploads\/2020\/01\/rehabilitacio-remodelacio.jpg\" width=\"700\" height=\"375\" alt=\"\" title=\"rehabilitacio-remodelacio\" class=\"lazyload img-responsive wp-image-1452\"\/><\/span><div class=\"fusion-clearfix\"><\/div>\n\n\t\t\t\t\t<\/div>\n\t\t\t\t<\/div><\/div><\/div><div class=\"fusion-fullwidth fullwidth-box fusion-builder-row-2 hundred-percent-fullwidth non-hundred-percent-height-scrolling\"  style='background-color: rgba(255,255,255,0);background-position: center center;background-repeat: no-repeat;padding-top:0px;padding-right:30px;padding-bottom:60px;padding-left:0px;'><div class=\"fusion-builder-row fusion-row \"><div  class=\"fusion-layout-column fusion_builder_column fusion_builder_column_1_2 fusion-builder-column-4 fusion-one-half fusion-column-first 1_2\"  style='margin-top:0px;margin-bottom:0px;width:50%;width:calc(50% - ( ( 4% + 0% ) * 0.5 ) );margin-right: 4%;'>\n\t\t\t\t\t<div class=\"fusion-column-wrapper\" style=\"padding: 0px 0px 0px 0px;background-position:left top;background-repeat:no-repeat;-webkit-background-size:cover;-moz-background-size:cover;-o-background-size:cover;background-size:cover;\"   data-bg-url=\"\">\n\t\t\t\t\t\t<span style=\"margin-right:25px;float:left;width:100%;max-width:700px;\" class=\"fusion-imageframe imageframe-none imageframe-3 hover-type-none\"><img loading=\"lazy\" decoding=\"async\" src=\"data:image\/svg+xml,%3Csvg%20xmlns%3D%27http%3A%2F%2Fwww.w3.org%2F2000%2Fsvg%27%20width%3D%27700%27%20height%3D%27375%27%20viewBox%3D%270%200%20700%20375%27%3E%3Crect%20width%3D%27700%27%20height%3D%273375%27%20fill-opacity%3D%220%22%2F%3E%3C%2Fsvg%3E\" data-orig-src=\"https:\/\/europiscina.es\/wp-content\/uploads\/2020\/01\/rehabilitacio-impermeabilitzacio.jpg\" width=\"700\" height=\"375\" alt=\"\" title=\"rehabilitacio-impermeabilitzacio\" class=\"lazyload img-responsive wp-image-1451\"\/><\/span><div class=\"fusion-clearfix\"><\/div>\n\n\t\t\t\t\t<\/div>\n\t\t\t\t<\/div><div  data-animationType=fadeInRight data-animationDuration=0.7 data-animationOffset=100% class=\"fusion-layout-column fusion_builder_column fusion_builder_column_1_3 fusion-builder-column-5 fusion-one-third fusion-animated 1_3\"  style='margin-top:65px;margin-bottom:0px;width:33.33%;width:calc(33.33% - ( ( 4% + 0% ) * 0.3333 ) );margin-right: 0%;'>\n\t\t\t\t\t<div class=\"fusion-column-wrapper\" style=\"padding: 0px 0px 0px 25px;background-position:left top;background-repeat:no-repeat;-webkit-background-size:cover;-moz-background-size:cover;-o-background-size:cover;background-size:cover;\"   data-bg-url=\"\">\n\t\t\t\t\t\t<style type=\"text\/css\"><\/style><div class=\"fusion-title title fusion-title-2 fusion-sep-none fusion-title-center fusion-title-text fusion-title-size-two\" style=\"margin-top:0px;margin-bottom:10px;\"><h2 class=\"title-heading-center\" style=\"margin:0;\">L\u00e0mina armada piscina<\/h2><\/div><div class=\"imageframe-align-center\"><span style=\"width:100%;max-width:70px;\" class=\"fusion-imageframe imageframe-none imageframe-4 hover-type-none\"><img loading=\"lazy\" decoding=\"async\" src=\"data:image\/svg+xml,%3Csvg%20xmlns%3D%27http%3A%2F%2Fwww.w3.org%2F2000%2Fsvg%27%20width%3D%27354%27%20height%3D%2746%27%20viewBox%3D%270%200%20354%2046%27%3E%3Crect%20width%3D%27354%27%20height%3D%27346%27%20fill-opacity%3D%220%22%2F%3E%3C%2Fsvg%3E\" data-orig-src=\"https:\/\/europiscina.es\/wp-content\/uploads\/2020\/01\/ones.png\" width=\"354\" height=\"46\" alt=\"\" title=\"ones\" class=\"lazyload img-responsive wp-image-1254\"\/><\/span><\/div><div class=\"fusion-text\"><p style=\"text-align: center;\">Gr\u00e0cies als aven\u00e7os en tecnologia, tenim al nostre abast una gran gamma de productes i materials disponibles per tractar i protegir les parets i terres de les piscines, i prevenir els possibles deterioraments. La impermeabilitzaci\u00f3 amb l\u00e0mina armada \u00e9s la millor opci\u00f3, 100% garantia estanque\u00eftat i una renovaci\u00f3 de piscina espectacular.<\/p>\n<\/div><div class=\"fusion-clearfix\"><\/div>\n\n\t\t\t\t\t<\/div>\n\t\t\t\t<\/div><div  class=\"fusion-layout-column fusion_builder_column fusion_builder_column_1_6 fusion-builder-column-6 fusion-one-sixth fusion-column-last 1_6\"  style='margin-top:0px;margin-bottom:0px;width:16.66%;width:calc(16.66% - ( ( 4% + 0% ) * 0.1666 ) );'>\n\t\t\t\t\t<div class=\"fusion-column-wrapper\" style=\"padding: 0px 0px 0px 0px;background-position:left top;background-repeat:no-repeat;-webkit-background-size:cover;-moz-background-size:cover;-o-background-size:cover;background-size:cover;\"   data-bg-url=\"\">\n\t\t\t\t\t\t<div class=\"fusion-clearfix\"><\/div>\n\n\t\t\t\t\t<\/div>\n\t\t\t\t<\/div><\/div><\/div><div class=\"fusion-fullwidth fullwidth-box fusion-builder-row-3 hundred-percent-fullwidth non-hundred-percent-height-scrolling\"  style='background-color: rgba(255,255,255,0);background-position: center center;background-repeat: no-repeat;padding-top:0px;padding-right:0px;padding-bottom:60px;padding-left:30px;'><div class=\"fusion-builder-row fusion-row \"><div  class=\"fusion-layout-column fusion_builder_column fusion_builder_column_1_6 fusion-builder-column-7 fusion-one-sixth fusion-column-first 1_6\"  style='margin-top:0px;margin-bottom:0px;width:16.66%;width:calc(16.66% - ( ( 4% + 2% ) * 0.1666 ) );margin-right: 4%;'>\n\t\t\t\t\t<div class=\"fusion-column-wrapper\" style=\"padding: 0px 0px 0px 0px;background-position:left top;background-repeat:no-repeat;-webkit-background-size:cover;-moz-background-size:cover;-o-background-size:cover;background-size:cover;\"   data-bg-url=\"\">\n\t\t\t\t\t\t<div class=\"fusion-clearfix\"><\/div>\n\n\t\t\t\t\t<\/div>\n\t\t\t\t<\/div><div  data-animationType=fadeInLeft data-animationDuration=0.7 data-animationOffset=100% class=\"fusion-layout-column fusion_builder_column fusion_builder_column_1_3 fusion-builder-column-8 fusion-one-third fusion-animated 1_3\"  style='margin-top:65px;margin-bottom:0px;width:33.33%;width:calc(33.33% - ( ( 4% + 2% ) * 0.3333 ) );margin-right: 2%;'>\n\t\t\t\t\t<div class=\"fusion-column-wrapper\" style=\"padding: 0px 15px 0px 0px;background-position:left top;background-repeat:no-repeat;-webkit-background-size:cover;-moz-background-size:cover;-o-background-size:cover;background-size:cover;\"   data-bg-url=\"\">\n\t\t\t\t\t\t<style type=\"text\/css\"><\/style><div class=\"fusion-title title fusion-title-3 fusion-sep-none fusion-title-center fusion-title-text fusion-title-size-two\" style=\"margin-top:0px;margin-bottom:10px;\"><h2 class=\"title-heading-center\" style=\"margin:0;\">Reparaci\u00f3 piscina<\/h2><\/div><div class=\"imageframe-align-center\"><span style=\"width:100%;max-width:70px;\" class=\"fusion-imageframe imageframe-none imageframe-5 hover-type-none\"><img loading=\"lazy\" decoding=\"async\" src=\"data:image\/svg+xml,%3Csvg%20xmlns%3D%27http%3A%2F%2Fwww.w3.org%2F2000%2Fsvg%27%20width%3D%27354%27%20height%3D%2746%27%20viewBox%3D%270%200%20354%2046%27%3E%3Crect%20width%3D%27354%27%20height%3D%27346%27%20fill-opacity%3D%220%22%2F%3E%3C%2Fsvg%3E\" data-orig-src=\"https:\/\/europiscina.es\/wp-content\/uploads\/2020\/01\/ones.png\" width=\"354\" height=\"46\" alt=\"\" title=\"ones\" class=\"lazyload img-responsive wp-image-1254\"\/><\/span><\/div><div class=\"fusion-text\"><p style=\"text-align: center;\">Les piscines estan sotmeses a tensions i pressions molt elevades de l&#8217;aigua i el terreny que l&#8217;envolta. A m\u00e9s, l&#8217;\u00fas de productes i materials de poca qualitat afavoreix al seu desgast. Tots aquests factors influeixen en el manteniment i despeses de la piscina, pel que \u00e9s imprescindible reparar-ho quan sigui necessari.<\/p>\n<\/div><div class=\"fusion-clearfix\"><\/div>\n\n\t\t\t\t\t<\/div>\n\t\t\t\t<\/div><div  class=\"fusion-layout-column fusion_builder_column fusion_builder_column_1_2 fusion-builder-column-9 fusion-one-half fusion-column-last 1_2\"  style='margin-top:0px;margin-bottom:0px;width:50%;width:calc(50% - ( ( 4% + 2% ) * 0.5 ) );'>\n\t\t\t\t\t<div class=\"fusion-column-wrapper\" style=\"padding: 0px 0px 0px 0px;background-position:left top;background-repeat:no-repeat;-webkit-background-size:cover;-moz-background-size:cover;-o-background-size:cover;background-size:cover;\"   data-bg-url=\"\">\n\t\t\t\t\t\t<span style=\"margin-left:25px;float:right;width:100%;max-width:700px;\" class=\"fusion-imageframe imageframe-none imageframe-6 hover-type-none\"><img loading=\"lazy\" decoding=\"async\" src=\"data:image\/svg+xml,%3Csvg%20xmlns%3D%27http%3A%2F%2Fwww.w3.org%2F2000%2Fsvg%27%20width%3D%27700%27%20height%3D%27375%27%20viewBox%3D%270%200%20700%20375%27%3E%3Crect%20width%3D%27700%27%20height%3D%273375%27%20fill-opacity%3D%220%22%2F%3E%3C%2Fsvg%3E\" data-orig-src=\"https:\/\/europiscina.es\/wp-content\/uploads\/2020\/01\/rehabilitacio-reparacio.jpg\" width=\"700\" height=\"375\" alt=\"\" title=\"rehabilitacio-reparacio\" class=\"lazyload img-responsive wp-image-1453\"\/><\/span><div class=\"fusion-clearfix\"><\/div>\n\n\t\t\t\t\t<\/div>\n\t\t\t\t<\/div><\/div><\/div><div class=\"fusion-fullwidth fullwidth-box fusion-builder-row-4 nonhundred-percent-fullwidth non-hundred-percent-height-scrolling\"  style='background-color: #f5f5f5;background-position: left top;background-repeat: no-repeat;padding-top:35px;padding-right:0px;padding-bottom:0px;padding-left:0px;border-top-width:0px;border-bottom-width:0px;border-color:#eae9e9;border-top-style:solid;border-bottom-style:solid;'><div class=\"fusion-builder-row fusion-row \"><div  class=\"fusion-layout-column fusion_builder_column fusion_builder_column_1_1 fusion-builder-column-10 fusion-one-full fusion-column-first fusion-column-last 1_1\"  style='margin-top:0px;margin-bottom:0px;'>\n\t\t\t\t\t<div class=\"fusion-column-wrapper\" style=\"padding: 0px 15% 0px 15%;background-position:left top;background-repeat:no-repeat;-webkit-background-size:cover;-moz-background-size:cover;-o-background-size:cover;background-size:cover;\"   data-bg-url=\"\">\n\t\t\t\t\t\t<div class=\"fusion-text\"><h2 style=\"font-weight: 300; text-align: center;\">Les millors marques per a tu<\/h2>\n<\/div><div class=\"imageframe-align-center\"><span style=\"width:100%;max-width:80px;\" class=\"fusion-imageframe imageframe-none imageframe-7 hover-type-none\"><img loading=\"lazy\" decoding=\"async\" src=\"data:image\/svg+xml,%3Csvg%20xmlns%3D%27http%3A%2F%2Fwww.w3.org%2F2000%2Fsvg%27%20width%3D%27354%27%20height%3D%2746%27%20viewBox%3D%270%200%20354%2046%27%3E%3Crect%20width%3D%27354%27%20height%3D%27346%27%20fill-opacity%3D%220%22%2F%3E%3C%2Fsvg%3E\" data-orig-src=\"https:\/\/europiscina.es\/wp-content\/uploads\/2020\/01\/ones.png\" width=\"354\" height=\"46\" alt=\"\" title=\"ones\" class=\"lazyload img-responsive wp-image-1254\"\/><\/span><\/div><div class=\"fusion-sep-clear\"><\/div><div class=\"fusion-separator fusion-full-width-sep sep-none\" style=\"margin-left: auto;margin-right: auto;margin-top:30px;\"><\/div><div class=\"fusion-clearfix\"><\/div>\n\n\t\t\t\t\t<\/div>\n\t\t\t\t<\/div><div  class=\"fusion-layout-column fusion_builder_column fusion_builder_column_1_1 fusion-builder-column-11 fusion-one-full fusion-column-first fusion-column-last 1_1\"  style='margin-top:-50px;margin-bottom:0px;'>\n\t\t\t\t\t<div class=\"fusion-column-wrapper\" style=\"padding: 0px 0px 0px 0px;background-position:left top;background-repeat:no-repeat;-webkit-background-size:cover;-moz-background-size:cover;-o-background-size:cover;background-size:cover;\"   data-bg-url=\"\">\n\t\t\t\t\t\t<div class=\"fusion-image-carousel fusion-image-carousel-fixed\"><div class=\"fusion-carousel\" data-autoplay=\"yes\" data-columns=\"4\" data-itemmargin=\"40\" data-itemwidth=\"180\" data-touchscroll=\"yes\" data-imagesize=\"fixed\" data-scrollitems=\"1\"><div class=\"fusion-carousel-positioner\"><ul class=\"fusion-carousel-holder\"><li class=\"fusion-carousel-item\"><div class=\"fusion-carousel-item-wrapper\"><div class=\"fusion-image-wrapper hover-type-none\"><img loading=\"lazy\" decoding=\"async\" width=\"200\" height=\"100\" src=\"data:image\/svg+xml,%3Csvg%20xmlns%3D%27http%3A%2F%2Fwww.w3.org%2F2000%2Fsvg%27%20width%3D%27200%27%20height%3D%27100%27%20viewBox%3D%270%200%20200%20100%27%3E%3Crect%20width%3D%27200%27%20height%3D%273100%27%20fill-opacity%3D%220%22%2F%3E%3C%2Fsvg%3E\" class=\"attachment-blog-medium size-blog-medium lazyload\" alt=\"\" data-orig-src=\"https:\/\/europiscina.es\/wp-content\/uploads\/2020\/01\/logo-rosagres-e1578567175118.png\" \/><\/div><\/div><\/li><li class=\"fusion-carousel-item\"><div class=\"fusion-carousel-item-wrapper\"><div class=\"fusion-image-wrapper hover-type-none\"><img loading=\"lazy\" decoding=\"async\" width=\"200\" height=\"100\" src=\"data:image\/svg+xml,%3Csvg%20xmlns%3D%27http%3A%2F%2Fwww.w3.org%2F2000%2Fsvg%27%20width%3D%27200%27%20height%3D%27100%27%20viewBox%3D%270%200%20200%20100%27%3E%3Crect%20width%3D%27200%27%20height%3D%273100%27%20fill-opacity%3D%220%22%2F%3E%3C%2Fsvg%3E\" class=\"attachment-blog-medium size-blog-medium lazyload\" alt=\"\" data-orig-src=\"https:\/\/europiscina.es\/wp-content\/uploads\/2020\/01\/logo-fluidra-e1578567207970.png\" \/><\/div><\/div><\/li><li class=\"fusion-carousel-item\"><div class=\"fusion-carousel-item-wrapper\"><div class=\"fusion-image-wrapper hover-type-none\"><img loading=\"lazy\" decoding=\"async\" width=\"200\" height=\"100\" src=\"data:image\/svg+xml,%3Csvg%20xmlns%3D%27http%3A%2F%2Fwww.w3.org%2F2000%2Fsvg%27%20width%3D%27200%27%20height%3D%27100%27%20viewBox%3D%270%200%20200%20100%27%3E%3Crect%20width%3D%27200%27%20height%3D%273100%27%20fill-opacity%3D%220%22%2F%3E%3C%2Fsvg%3E\" class=\"attachment-blog-medium size-blog-medium lazyload\" alt=\"\" data-orig-src=\"https:\/\/europiscina.es\/wp-content\/uploads\/2020\/01\/logo-astralpool-e1578567229237.png\" \/><\/div><\/div><\/li><li class=\"fusion-carousel-item\"><div class=\"fusion-carousel-item-wrapper\"><div class=\"fusion-image-wrapper hover-type-none\"><img loading=\"lazy\" decoding=\"async\" width=\"200\" height=\"100\" src=\"data:image\/svg+xml,%3Csvg%20xmlns%3D%27http%3A%2F%2Fwww.w3.org%2F2000%2Fsvg%27%20width%3D%27200%27%20height%3D%27100%27%20viewBox%3D%270%200%20200%20100%27%3E%3Crect%20width%3D%27200%27%20height%3D%273100%27%20fill-opacity%3D%220%22%2F%3E%3C%2Fsvg%3E\" class=\"attachment-blog-medium size-blog-medium lazyload\" alt=\"\" data-orig-src=\"https:\/\/europiscina.es\/wp-content\/uploads\/2020\/01\/logo-alkorplan-e1578567274835.png\" \/><\/div><\/div><\/li><\/ul><\/div><\/div><\/div><div class=\"fusion-clearfix\"><\/div>\n\n\t\t\t\t\t<\/div>\n\t\t\t\t<\/div><\/div><\/div><div class=\"fusion-fullwidth fullwidth-box fusion-builder-row-5 nonhundred-percent-fullwidth non-hundred-percent-height-scrolling fusion-equal-height-columns\"  style='background-color: #12b6cf;background-position: center bottom;background-repeat: no-repeat;padding-top:51px;padding-right:0px;padding-bottom:10px;padding-left:0px;'><div class=\"fusion-builder-row fusion-row \"><div  class=\"fusion-layout-column fusion_builder_column fusion_builder_column_2_3 fusion-builder-column-12 fusion-two-third fusion-column-first 2_3\"  style='margin-top:0px;margin-bottom:25px;width:66.66%;width:calc(66.66% - ( ( 50px ) * 0.6666 ) );margin-right: 50px;'>\n\t\t\t\t\t<div class=\"fusion-column-wrapper\" style=\"padding: 0px 0px 0px 0px;background-position:left top;background-repeat:no-repeat;-webkit-background-size:cover;-moz-background-size:cover;-o-background-size:cover;background-size:cover;\"   data-bg-url=\"\">\n\t\t\t\t\t\t<div class=\"fusion-column-content-centered\"><div class=\"fusion-column-content\"><div class=\"fusion-text\"><h2 style=\"font-weight: 300;\" data-fontsize=\"32\" data-lineheight=\"41\"><span style=\"color: #ffffff; font-size: 28px;\">Vols la piscina dels teus somnis?<\/span><\/h2>\n<\/div><span style=\"width:100%;max-width:200px;\" class=\"fusion-imageframe imageframe-none imageframe-8 hover-type-none\"><img loading=\"lazy\" decoding=\"async\" src=\"data:image\/svg+xml,%3Csvg%20xmlns%3D%27http%3A%2F%2Fwww.w3.org%2F2000%2Fsvg%27%20width%3D%271024%27%20height%3D%27405%27%20viewBox%3D%270%200%201024%20405%27%3E%3Crect%20width%3D%271024%27%20height%3D%273405%27%20fill-opacity%3D%220%22%2F%3E%3C%2Fsvg%3E\" data-orig-src=\"https:\/\/europiscina.es\/wp-content\/uploads\/2020\/01\/official-partner-astralpool.jpg\" width=\"1024\" height=\"405\" alt=\"\" title=\"official-partner-astralpool\" class=\"lazyload img-responsive wp-image-1666\"\/><\/span><div class=\"fusion-text\"><p style=\"color: #ffffff; font-size: 16px; line-height: 1.5;\">Contacta amb nosaltres sense comprom\u00eds i un equip especialitzat t&#8217;assessorar\u00e0<br \/>\nen tot all\u00f2 que necessitis.<\/p>\n<\/div><\/div><\/div><div class=\"fusion-clearfix\"><\/div>\n\n\t\t\t\t\t<\/div>\n\t\t\t\t<\/div><div  class=\"fusion-layout-column fusion_builder_column fusion_builder_column_1_3 fusion-builder-column-13 fusion-one-third fusion-column-last 1_3\"  style='margin-top:0px;margin-bottom:0px;width:33.33%;width:calc(33.33% - ( ( 50px ) * 0.3333 ) );'>\n\t\t\t\t\t<div class=\"fusion-column-wrapper\" style=\"padding: 0px 0px 0px 0px;background-position:left top;background-repeat:no-repeat;-webkit-background-size:cover;-moz-background-size:cover;-o-background-size:cover;background-size:cover;\"   data-bg-url=\"\">\n\t\t\t\t\t\t<div class=\"fusion-column-content-centered\"><div class=\"fusion-column-content\"><div class=\"fusion-button-wrapper fusion-alignleft\"><style type=\"text\/css\">.fusion-button.button-1 .fusion-button-text, .fusion-button.button-1 i {color:#ffffff;}.fusion-button.button-1 .fusion-button-icon-divider{border-color:#ffffff;}.fusion-button.button-1:hover .fusion-button-text, .fusion-button.button-1:hover i,.fusion-button.button-1:focus .fusion-button-text, .fusion-button.button-1:focus i,.fusion-button.button-1:active .fusion-button-text, .fusion-button.button-1:active{color:#12b6cf;}.fusion-button.button-1:hover .fusion-button-icon-divider, .fusion-button.button-1:hover .fusion-button-icon-divider, .fusion-button.button-1:active .fusion-button-icon-divider{border-color:#12b6cf;}.fusion-button.button-1:hover, .fusion-button.button-1:focus, .fusion-button.button-1:active{border-color:#12b6cf;border-width:2px;}.fusion-button.button-1 {border-color:#ffffff;border-width:2px;border-radius:0px;}.fusion-button.button-1{background: rgba(255,255,255,0);}.fusion-button.button-1:hover,.button-1:focus,.fusion-button.button-1:active{background: #ffffff;}<\/style><a class=\"fusion-button button-flat button-xlarge button-custom button-1 fusion-button-default-span fusion-button-default-type\" target=\"_self\" title=\"get a free quote\" href=\"https:\/\/europiscina.es\/contacte\/\"><span class=\"fusion-button-text\">contacta<\/span><\/a><\/div><div class=\"fusion-sep-clear\"><\/div><div class=\"fusion-separator fusion-full-width-sep sep-none\" style=\"margin-left: auto;margin-right: auto;margin-top:10px;\"><\/div><div class=\"fusion-text\"><p style=\"text-align: left;\"><span style=\"color: #ffffff;\">Nom\u00e9s et dur\u00e0 uns segons<\/span><\/p>\n<\/div><\/div><\/div><div class=\"fusion-clearfix\"><\/div>\n\n\t\t\t\t\t<\/div>\n\t\t\t\t<\/div><\/div><\/div><\/p>\n","protected":false},"excerpt":{"rendered":"","protected":false},"author":1,"featured_media":0,"parent":9,"menu_order":0,"comment_status":"closed","ping_status":"closed","template":"100-width.php","meta":{"footnotes":""},"class_list":["post-1390","page","type-page","status-publish","hentry"],"aioseo_notices":[],"_links":{"self":[{"href":"https:\/\/europiscina.es\/ca\/wp-json\/wp\/v2\/pages\/1390","targetHints":{"allow":["GET"]}}],"collection":[{"href":"https:\/\/europiscina.es\/ca\/wp-json\/wp\/v2\/pages"}],"about":[{"href":"https:\/\/europiscina.es\/ca\/wp-json\/wp\/v2\/types\/page"}],"author":[{"embeddable":true,"href":"https:\/\/europiscina.es\/ca\/wp-json\/wp\/v2\/users\/1"}],"replies":[{"embeddable":true,"href":"https:\/\/europiscina.es\/ca\/wp-json\/wp\/v2\/comments?post=1390"}],"version-history":[{"count":18,"href":"https:\/\/europiscina.es\/ca\/wp-json\/wp\/v2\/pages\/1390\/revisions"}],"predecessor-version":[{"id":1851,"href":"https:\/\/europiscina.es\/ca\/wp-json\/wp\/v2\/pages\/1390\/revisions\/1851"}],"up":[{"embeddable":true,"href":"https:\/\/europiscina.es\/ca\/wp-json\/wp\/v2\/pages\/9"}],"wp:attachment":[{"href":"https:\/\/europiscina.es\/ca\/wp-json\/wp\/v2\/media?parent=1390"}],"curies":[{"name":"wp","href":"https:\/\/api.w.org\/{rel}","templated":true}]}}