{"id":1603,"date":"2020-01-16T10:53:20","date_gmt":"2020-01-16T10:53:20","guid":{"rendered":"https:\/\/europiscina.es\/?page_id=1603"},"modified":"2020-01-16T16:59:05","modified_gmt":"2020-01-16T16:59:05","slug":"avis-legal","status":"publish","type":"page","link":"https:\/\/europiscina.es\/ca\/avis-legal\/","title":{"rendered":"Av\u00eds Legal"},"content":{"rendered":"<div class=\"fusion-fullwidth fullwidth-box fusion-builder-row-1 nonhundred-percent-fullwidth non-hundred-percent-height-scrolling\"  style='background-color: rgba(255,255,255,0);background-position: center center;background-repeat: no-repeat;padding-top:90px;padding-right:0px;padding-bottom:0px;padding-left:0px;'><div class=\"fusion-builder-row fusion-row \"><div  class=\"fusion-layout-column fusion_builder_column fusion_builder_column_1_1 fusion-builder-column-1 fusion-one-full fusion-column-first fusion-column-last 1_1\"  style='margin-top:0px;margin-bottom:0px;'>\n\t\t\t\t\t<div class=\"fusion-column-wrapper\" style=\"padding: 0px 0px 0px 0px;background-position:left top;background-repeat:no-repeat;-webkit-background-size:cover;-moz-background-size:cover;-o-background-size:cover;background-size:cover;\"   data-bg-url=\"\">\n\t\t\t\t\t\t<div class=\"fusion-text\"><p>El present av\u00eds legal t\u00e9 per objecte informar els usuaris de www.europiscina.es, domiciliada en Ctra. C-26 Km 22 Cam\u00ed d&#8217;Albesa, 25600, Balaguer, Lleida, la ra\u00f3 social del qual \u00e9s <b>Garcam S.L.<\/b>, de la que \u00e9s la seva <b>privacitat i confidencialitat de les dades personals<\/b> d\u2019 acord amb el Reglament general de protecci\u00f3 de dades (rgpd) que els seus usuaris proporcionin lliurement i volunt\u00e0riament.<\/p>\n<p><span style=\"background-color: rgba(255, 255, 255, 0); color: var(--body_typography-color); font-family: var(--body_typography-font-family); font-size: var(--body_typography-font-size); font-style: var(--body_typography-font-style,normal); letter-spacing: var(--body_typography-letter-spacing);\"><b>Garcam S.L.<\/b><\/span> fa con\u00e8ixer que disposa de les seves dades personals especificades en el corresponent registre d\u2019activitats del tractament de l\u2019empresa denominada web gesti\u00f3 d\u2019usuaris.<\/p>\n<p>La base legal per al tractament de les seves dades \u00e9s el consentiment obtingut del propi responsable del tractament en el moment d\u2019emplenar el nostre formulari online i acceptar-ho expressament.<\/p>\n<p>La finalitat de la creaci\u00f3, exist\u00e8ncia i manteniment \u00e9s el tractament de les dades amb la finalitat exclusiva de poder realitzar la sol\u00b7licitud d\u2019informaci\u00f3 efectiva.<\/p>\n<p>Els destinataris de la informaci\u00f3 s\u00f3n tots els departaments, compartiments, locals i organismes associats en els quals <b>Garcam S.L. <\/b>est\u00e0 organitzada i no se cedir\u00e0 a tercers excepte en els casos en qu\u00e8 hi hagi una obligaci\u00f3 legal.<\/p>\n<p>En qualsevol cas, t\u00e9 dret a obtenir confirmaci\u00f3 sobre si <b>Garcam S.L.<\/b> est\u00e0 tractant les seves dades personals perqu\u00e8 tingui dret a accedir a les seves dades personals, rectificar les dades inexactes o sol\u00b7licitar la seva supressi\u00f3 quan les dades ja no siguin necessari.<\/p>\n<p>Tots els camps de formulari en l\u00ednia marcats amb un asterisc estan obligats a completar-lo per tal de fer que la vostra sol\u00b7licitud d\u2019informaci\u00f3 sigui efectiva.<\/p>\n<p>El lloc web www.europiscina.es ha adoptat les mesures t\u00e8cniques i organitzatives necess\u00e0ries, d\u2019acord amb el nivell jur\u00eddic de la seguretat de protecci\u00f3 de dades, per garantir la seguretat del tractament de les dades de car\u00e0cter personal que componen el fitxer automatitzat. No obstant aix\u00f2, l\u2019usuari ha de ser conscient que en l\u2019actualitat les mesures de seguretat a Internet no s\u00f3n inexpugnables i, per tant, no estan segures de possibles intrusions il\u00b7legals i indegudes, que no serien responsabilitat de <b>Garcam S.L.<\/b>, ja que ha actuat amb dilig\u00e8ncia deguda per protegir les dades que determini la llei.<\/p>\n<p>El lloc web www.europiscina.es utilitza cookies o altres procediments similars amb finalitats purament estad\u00edstiques. Aquesta informaci\u00f3 es recull de forma autom\u00e0tica i an\u00f2nima, de manera que no \u00e9s possible identificar a cap usuari individualment. L\u2019usuari pot impedir el funcionament de les cookies mitjan\u00e7ant les opcions que tots els navegadors hi fan a la seva disposici\u00f3. Els usuaris que desitgin desactivar les cookies s\u2019anima a consultar els sistemes d\u2019ajuda dels navegadors que utilitzen<\/p>\n<p>El lloc web www.europiscina.es far\u00e0 tots els esfor\u00e7os per mantenir les seves dades actualitzades. No obstant aix\u00f2, la responsabilitat de la qualitat de les dades dependr\u00e0 del titular de les dades, per tant si hi ha alguna modificaci\u00f3 de les dades que l\u2019usuari de la web els comunicar\u00e0 al responsable del tractament, decantant-ho tota responsabilitat en cas que omet la seva obligaci\u00f3 de notificar els canvis.<\/p>\n<p>La prestaci\u00f3 del servei d\u2019aquest lloc web i aquestes condicions d\u2019\u00fas del lloc web es regeixen per la legislaci\u00f3 espanyola. Per a qualsevol discrep\u00e0ncia en l\u2019execuci\u00f3, interpretaci\u00f3, compliment d\u2019aquestes condicions, les parts es sotmeten als jutjats i tribunals competents.<\/p>\n<\/div><div class=\"fusion-clearfix\"><\/div>\n\n\t\t\t\t\t<\/div>\n\t\t\t\t<\/div><\/div><\/div>\n","protected":false},"excerpt":{"rendered":"","protected":false},"author":1,"featured_media":0,"parent":0,"menu_order":0,"comment_status":"closed","ping_status":"closed","template":"100-width.php","meta":{"footnotes":""},"class_list":["post-1603","page","type-page","status-publish","hentry"],"aioseo_notices":[],"_links":{"self":[{"href":"https:\/\/europiscina.es\/ca\/wp-json\/wp\/v2\/pages\/1603","targetHints":{"allow":["GET"]}}],"collection":[{"href":"https:\/\/europiscina.es\/ca\/wp-json\/wp\/v2\/pages"}],"about":[{"href":"https:\/\/europiscina.es\/ca\/wp-json\/wp\/v2\/types\/page"}],"author":[{"embeddable":true,"href":"https:\/\/europiscina.es\/ca\/wp-json\/wp\/v2\/users\/1"}],"replies":[{"embeddable":true,"href":"https:\/\/europiscina.es\/ca\/wp-json\/wp\/v2\/comments?post=1603"}],"version-history":[{"count":3,"href":"https:\/\/europiscina.es\/ca\/wp-json\/wp\/v2\/pages\/1603\/revisions"}],"predecessor-version":[{"id":1648,"href":"https:\/\/europiscina.es\/ca\/wp-json\/wp\/v2\/pages\/1603\/revisions\/1648"}],"wp:attachment":[{"href":"https:\/\/europiscina.es\/ca\/wp-json\/wp\/v2\/media?parent=1603"}],"curies":[{"name":"wp","href":"https:\/\/api.w.org\/{rel}","templated":true}]}}