{"id":3,"date":"2019-12-12T09:16:27","date_gmt":"2019-12-12T09:16:27","guid":{"rendered":"https:\/\/europiscina.es\/?page_id=3"},"modified":"2020-01-16T17:00:36","modified_gmt":"2020-01-16T17:00:36","slug":"politica-de-privacitat","status":"publish","type":"page","link":"https:\/\/europiscina.es\/ca\/politica-de-privacitat\/","title":{"rendered":"Pol\u00edtica de Privacitat"},"content":{"rendered":"<div class=\"fusion-fullwidth fullwidth-box fusion-builder-row-1 nonhundred-percent-fullwidth non-hundred-percent-height-scrolling\"  style='background-color: rgba(255,255,255,0);background-position: center center;background-repeat: no-repeat;padding-top:0px;padding-right:0px;padding-bottom:0px;padding-left:0px;'><div class=\"fusion-builder-row fusion-row \"><div  class=\"fusion-layout-column fusion_builder_column fusion_builder_column_1_1 fusion-builder-column-1 fusion-one-full fusion-column-first fusion-column-last 1_1\"  style='margin-top:0px;margin-bottom:0px;'>\n\t\t\t\t\t<div class=\"fusion-column-wrapper\" style=\"padding: 0px 0px 0px 0px;background-position:left top;background-repeat:no-repeat;-webkit-background-size:cover;-moz-background-size:cover;-o-background-size:cover;background-size:cover;\"   data-bg-url=\"\">\n\t\t\t\t\t\t<div class=\"fusion-text\"><p><strong>RESPONSABLE DEL TRACTAMENT<\/strong><\/p>\n<p><b>Garcam S.L.<\/b>, CIF B25028655, amb domicili a Ctra. C-26 Km 22 Cam\u00ed d&#8217;Albesa, 25600, Balaguer, Lleida, tel\u00e8fon 973 44 64 45 i correu <a href=\"mailto:comercial@europiscina.es\">comercial@europiscina.es<\/a><\/p>\n<p><strong>PROP\u00d2SIT<\/strong><\/p>\n<p>La finalitat de la creaci\u00f3, l\u2019exist\u00e8ncia i el manteniment \u00e9s el tractament de les dades amb les finalitats exclusives de complir la nostra relaci\u00f3 comercial, i facturar-la.<\/p>\n<p><strong>LEGITIMACI\u00d3<\/strong><\/p>\n<p>La base legal per al tractament de les seves dades \u00e9s l\u2019execuci\u00f3 de la relaci\u00f3 comercial entre l\u2019interessat i el responsable del tractament i aquesta informaci\u00f3 personal es mantindr\u00e0 durant el temps que es mantingui la relaci\u00f3 comercial\/contractual o durant el temps estrictament necessari per complir amb les obligacions legals.<\/p>\n<p><strong>PER\u00cdODE DE CONSERVACI\u00d3<\/strong><\/p>\n<p>Les dades proporcionades es conservaran durant el temps que es mantingui la relaci\u00f3 comercial o durant els anys necessaris per complir amb les obligacions legals<\/p>\n<p><strong>DESTINATARIS<\/strong><\/p>\n<p>Per a la durada del tractament de l\u2019interessat, <b>Garcam S.L. <\/b>no cedir\u00e0 les dades a terceres persones, llevat que tingui una obligaci\u00f3 legal.<\/p>\n<p>En els sup\u00f2sits en qu\u00e8, per a la realitzaci\u00f3 de tractaments administratius, fiscals, comptables i\/o comercials, els serveis de tercers estaran degudament conclosos, es formalitzar\u00e0 degudament el contracte de tractament obligatori, per tal de garantir la seguretat i confidencialitat de les dades de l\u2019interessat davant de terceres persones.<\/p>\n<p><strong>DRETS<\/strong><\/p>\n<p>Les persones interessades tenen dret a accedir a les seves dades personals, aix\u00ed com a sol\u00b7licitar la rectificaci\u00f3 de les dades inexactes o, si escau, sol\u00b7licitar la supressi\u00f3 quan, entre d\u2019altres motius, la dada ja no sigui necess\u00e0ria per a la finalitat que va ser aix\u00ed com retirar el consentiment atorgat. Tamb\u00e9 pot exercir el seu dret a la limitaci\u00f3 del tractament, de manera que les seves dades no seran eliminades, per\u00f2 el tractament del mateix estar\u00e0 subjecte a limitacions.<\/p>\n<p>Els exercicis de portabilitat i automatitzaci\u00f3 de decisions no s\u2019apliquen en aquest cas a causa del tipus de dades i el tractament dels mateixos.<\/p>\n<\/div><div class=\"fusion-clearfix\"><\/div>\n\n\t\t\t\t\t<\/div>\n\t\t\t\t<\/div><\/div><\/div>\n","protected":false},"excerpt":{"rendered":"","protected":false},"author":1,"featured_media":0,"parent":0,"menu_order":0,"comment_status":"closed","ping_status":"open","template":"","meta":{"footnotes":""},"class_list":["post-3","page","type-page","status-publish","hentry"],"aioseo_notices":[],"_links":{"self":[{"href":"https:\/\/europiscina.es\/ca\/wp-json\/wp\/v2\/pages\/3","targetHints":{"allow":["GET"]}}],"collection":[{"href":"https:\/\/europiscina.es\/ca\/wp-json\/wp\/v2\/pages"}],"about":[{"href":"https:\/\/europiscina.es\/ca\/wp-json\/wp\/v2\/types\/page"}],"author":[{"embeddable":true,"href":"https:\/\/europiscina.es\/ca\/wp-json\/wp\/v2\/users\/1"}],"replies":[{"embeddable":true,"href":"https:\/\/europiscina.es\/ca\/wp-json\/wp\/v2\/comments?post=3"}],"version-history":[{"count":5,"href":"https:\/\/europiscina.es\/ca\/wp-json\/wp\/v2\/pages\/3\/revisions"}],"predecessor-version":[{"id":1649,"href":"https:\/\/europiscina.es\/ca\/wp-json\/wp\/v2\/pages\/3\/revisions\/1649"}],"wp:attachment":[{"href":"https:\/\/europiscina.es\/ca\/wp-json\/wp\/v2\/media?parent=3"}],"curies":[{"name":"wp","href":"https:\/\/api.w.org\/{rel}","templated":true}]}}